{"id":2677,"date":"2025-04-22T15:51:40","date_gmt":"2025-04-22T15:51:40","guid":{"rendered":"https:\/\/farmaciaviladecans.com\/targeta-client-2\/"},"modified":"2025-05-14T17:07:30","modified_gmt":"2025-05-14T17:07:30","slug":"equip","status":"publish","type":"page","link":"https:\/\/farmaciaviladecans.com\/es\/equip\/","title":{"rendered":"Equipo"},"content":{"rendered":"<div id=\"fws_69e452f70cc37\"  data-column-margin=\"default\" data-midnight=\"dark\"  class=\"wpb_row vc_row-fluid vc_row\"  style=\"padding-top: 0px; padding-bottom: 0px; \"><div class=\"row-bg-wrap\" data-bg-animation=\"none\" data-bg-animation-delay=\"\" data-bg-overlay=\"false\"><div class=\"inner-wrap row-bg-layer\" ><div class=\"row-bg viewport-desktop\"  style=\"\"><\/div><\/div><\/div><div class=\"row_col_wrap_12 col span_12 dark left\">\n\t<div  class=\"vc_col-sm-12 wpb_column column_container vc_column_container col no-extra-padding inherit_tablet inherit_phone\"  data-padding-pos=\"all\" data-has-bg-color=\"false\" data-bg-color=\"\" data-bg-opacity=\"1\" data-animation=\"\" data-delay=\"0\" >\n\t\t<div class=\"vc_column-inner\" >\n\t\t\t<div class=\"wpb_wrapper\">\n\t\t\t\t\n\t\t\t<!-- START Tech Slider1 REVOLUTION SLIDER 6.6.20 --><p class=\"rs-p-wp-fix\"><\/p>\n\t\t\t<rs-module-wrap id=\"rev_slider_2_1_wrapper\" data-source=\"gallery\" style=\"visibility:hidden;background:transparent;padding:0;margin:0px auto;margin-top:0;margin-bottom:0;\">\n\t\t\t\t<rs-module id=\"rev_slider_2_1\" style=\"\" data-version=\"6.6.20\">\n\t\t\t\t\t<rs-slides style=\"overflow: hidden; position: absolute;\">\n\t\t\t\t\t\t<rs-slide style=\"position: absolute;\" data-key=\"rs-7\" data-title=\"Slide\" data-duration=\"9000\" data-anim=\"ms:500ms;\" data-in=\"o:0;\" data-out=\"a:false;\">\n\t\t\t\t\t\t\t<img decoding=\"async\" src=\"\/\/farmaciaviladecans.com\/wp-content\/plugins\/revslider\/public\/assets\/assets\/dummy.png\" alt=\"Slide\" title=\"Equipo\" class=\"rev-slidebg tp-rs-img rs-lazyload\" data-lazyload=\"\/\/farmaciaviladecans.com\/wp-content\/plugins\/revslider\/public\/assets\/assets\/transparent.png\" data-bg=\"c:#007d81;\" data-parallax=\"off\" data-no-retina>\n<!--\t\t\t\t\t\t--><rs-zone id=\"rrzm_7\" class=\"rev_row_zone_middle\" style=\"z-index: 5;\"><!--\n\n\t\t\t\t\t\t\t\t--><rs-row\n\t\t\t\t\t\t\t\t\tid=\"slider-2-slide-7-layer-5\" \n\t\t\t\t\t\t\t\t\tdata-type=\"row\"\n\t\t\t\t\t\t\t\t\tdata-xy=\"xo:50px;yo:94px;\"\n\t\t\t\t\t\t\t\t\tdata-cbreak=\"3\"\n\t\t\t\t\t\t\t\t\tdata-rsp_bd=\"off\"\n\t\t\t\t\t\t\t\t\tdata-margin=\"r:30;b:0,0,0,200;l:30;\"\n\t\t\t\t\t\t\t\t\tdata-frame_999=\"st:w;sp:500;sR:8700;sA:9000;\"\n\t\t\t\t\t\t\t\t\tstyle=\"z-index:6;\"\n\t\t\t\t\t\t\t\t><!--\n\t\t\t\t\t\t\t\t\t--><rs-column\n\t\t\t\t\t\t\t\t\t\tid=\"slider-2-slide-7-layer-6\" \n\t\t\t\t\t\t\t\t\t\tdata-type=\"column\"\n\t\t\t\t\t\t\t\t\t\tdata-xy=\"xo:50px;yo:94px;\"\n\t\t\t\t\t\t\t\t\t\tdata-rsp_bd=\"off\"\n\t\t\t\t\t\t\t\t\t\tdata-column=\"w:50%;\"\n\t\t\t\t\t\t\t\t\t\tdata-frame_999=\"st:w;sp:500;sR:8700;sA:9000;\"\n\t\t\t\t\t\t\t\t\t\tstyle=\"z-index:7;width:100%;\"\n\t\t\t\t\t\t\t\t\t><!--\t\t\t\t\t\t\t\t\t--><\/rs-column><!--\n\n\t\t\t\t\t\t\t\t\t--><rs-column\n\t\t\t\t\t\t\t\t\t\tid=\"slider-2-slide-7-layer-7\" \n\t\t\t\t\t\t\t\t\t\tdata-type=\"column\"\n\t\t\t\t\t\t\t\t\t\tdata-xy=\"xo:50px;yo:94px;\"\n\t\t\t\t\t\t\t\t\t\tdata-text=\"a:right,right,right,center;\"\n\t\t\t\t\t\t\t\t\t\tdata-rsp_bd=\"off\"\n\t\t\t\t\t\t\t\t\t\tdata-column=\"w:50%;\"\n\t\t\t\t\t\t\t\t\t\tdata-frame_999=\"st:w;sp:500;sR:8700;sA:9000;\"\n\t\t\t\t\t\t\t\t\t\tstyle=\"z-index:6;width:100%;\"\n\t\t\t\t\t\t\t\t\t><!--\t\t\t\t\t\t\t\t\t--><\/rs-column><!--\n\t\t\t\t\t\t\t\t--><\/rs-row><!--\n\t\t\t\t\t\t\t--><\/rs-zone><!--\n\n\t\t\t\t\t\t\t--><rs-layer\n\t\t\t\t\t\t\t\tid=\"slider-2-slide-7-layer-0\" \n\t\t\t\t\t\t\t\tdata-type=\"text\"\n\t\t\t\t\t\t\t\tdata-xy=\"xo:648px,534px,446px,-6px;yo:122px,59px,35px,349px;\"\n\t\t\t\t\t\t\t\tdata-text=\"w:normal;s:57,39,26,26;l:41,39,26,26;fw:500;a:left,left,left,center;\"\n\t\t\t\t\t\t\t\tdata-dim=\"w:auto,387px,240px,100%;\"\n\t\t\t\t\t\t\t\tdata-rsp_o=\"off\"\n\t\t\t\t\t\t\t\tdata-rsp_bd=\"off\"\n\t\t\t\t\t\t\t\tdata-ford=\"frame_0;frame_1;frame_2;frame_999;\"\n\t\t\t\t\t\t\t\tdata-frame_0=\"y:49px,29px,14px,14px;\"\n\t\t\t\t\t\t\t\tdata-frame_1=\"y:32px,19px,10px,10px;o:0.5;e:power2.in;st:1100;sp:750;sR:1100;\"\n\t\t\t\t\t\t\t\tdata-frame_999=\"st:w;sp:500;sR:5900;auto:true;\"\n\t\t\t\t\t\t\t\tdata-frame_2=\"y:0px;o:1;tp:600px;e:power2.out;st:1850;sp:1250;\"\n\t\t\t\t\t\t\t\tstyle=\"z-index:8;font-family:'Poppins';\"\n\t\t\t\t\t\t\t>\u00bfQuieres trabajar<br\/><br \/>\ncon nosotros?<br\/><br \/>\n \n\t\t\t\t\t\t\t<\/rs-layer><!--\n\n\t\t\t\t\t\t\t--><rs-layer\n\t\t\t\t\t\t\t\tid=\"slider-2-slide-7-layer-1\" \n\t\t\t\t\t\t\t\tdata-type=\"image\"\n\t\t\t\t\t\t\t\tdata-rsp_ch=\"on\"\n\t\t\t\t\t\t\t\tdata-xy=\"xo:-85px,5px,3px,23px;yo:57px,35px,26px,1px;\"\n\t\t\t\t\t\t\t\tdata-text=\"w:normal;s:20,16,12,7;l:0,20,15,9;\"\n\t\t\t\t\t\t\t\tdata-dim=\"w:654px,478px,363px,418px;h:501px,366px,278px,320px;\"\n\t\t\t\t\t\t\t\tdata-frame_0=\"x:-16px,-13px,-9px,-5px;y:943px,778px,591px,364px;\"\n\t\t\t\t\t\t\t\tdata-frame_1=\"x:36px,29px,22px,13px;y:-40px,-33px,-25px,-15px;sp:3000;\"\n\t\t\t\t\t\t\t\tdata-frame_999=\"o:0;st:w;\"\n\t\t\t\t\t\t\t\tstyle=\"z-index:9;\"\n\t\t\t\t\t\t\t><img decoding=\"async\" src=\"\/\/farmaciaviladecans.com\/wp-content\/plugins\/revslider\/public\/assets\/assets\/dummy.png\" alt=\"\" class=\"tp-rs-img rs-lazyload\" width=\"754\" height=\"578\" data-lazyload=\"\/\/farmaciaviladecans.com\/wp-content\/uploads\/2025\/05\/far.png\" data-no-retina> \n\t\t\t\t\t\t\t<\/rs-layer><!--\n\n\t\t\t\t\t\t\t--><rs-layer\n\t\t\t\t\t\t\t\tid=\"slider-2-slide-7-layer-4\" \n\t\t\t\t\t\t\t\tdata-type=\"text\"\n\t\t\t\t\t\t\t\tdata-xy=\"xo:641px,549px,444px,-3px;yo:341px,299px,156px,503px;\"\n\t\t\t\t\t\t\t\tdata-text=\"w:normal;s:25,24,16,16;l:50,24,16,16;fw:500;a:left,left,left,center;\"\n\t\t\t\t\t\t\t\tdata-dim=\"w:auto,auto,198px,100%;\"\n\t\t\t\t\t\t\t\tdata-rsp_o=\"off\"\n\t\t\t\t\t\t\t\tdata-rsp_bd=\"off\"\n\t\t\t\t\t\t\t\tdata-ford=\"frame_0;frame_1;frame_2;frame_999;\"\n\t\t\t\t\t\t\t\tdata-frame_0=\"y:50px,18px,6px,6px;\"\n\t\t\t\t\t\t\t\tdata-frame_1=\"y:33px,12px,4px,4px;o:0.5;e:power2.in;st:1100;sp:750;sR:1100;\"\n\t\t\t\t\t\t\t\tdata-frame_999=\"st:w;sp:500;sR:5900;auto:true;\"\n\t\t\t\t\t\t\t\tdata-frame_2=\"y:0px;o:1;tp:600px;e:power2.out;st:1850;sp:1250;\"\n\t\t\t\t\t\t\t\tstyle=\"z-index:7;font-family:'Poppins';\"\n\t\t\t\t\t\t\t>Env\u00edanos tu curriculum a:<br\/><br \/>\ninfo@farmaciamontsegarrido.com<br\/><br \/>\n \n\t\t\t\t\t\t\t<\/rs-layer><!--\n-->\t\t\t\t\t\t<\/rs-slide>\n\t\t\t\t\t<\/rs-slides>\n\t\t\t\t<\/rs-module>\n\t\t\t\t<script>\n\t\t\t\t\tsetREVStartSize({c: 'rev_slider_2_1',rl:[1240,1024,778,480],el:[600,700,600,650],gw:[1240,1024,778,480],gh:[600,700,600,650],type:'standard',justify:'',layout:'fullwidth',mh:\"0\"});if (window.RS_MODULES!==undefined && window.RS_MODULES.modules!==undefined && window.RS_MODULES.modules[\"revslider21\"]!==undefined) {window.RS_MODULES.modules[\"revslider21\"].once = false;window.revapi2 = undefined;if (window.RS_MODULES.checkMinimal!==undefined) window.RS_MODULES.checkMinimal()}\n\t\t\t\t<\/script>\n\t\t\t<\/rs-module-wrap>\n\t\t\t<!-- END REVOLUTION SLIDER -->\n\n\t\t\t<\/div> \n\t\t<\/div>\n\t<\/div> \n<\/div><\/div>\n\t\t<div id=\"fws_69e452f714dba\"  data-column-margin=\"default\" data-midnight=\"dark\"  class=\"wpb_row vc_row-fluid vc_row\"  style=\"padding-top: 0px; padding-bottom: 0px; \"><div class=\"row-bg-wrap\" data-bg-animation=\"none\" data-bg-animation-delay=\"\" data-bg-overlay=\"false\"><div class=\"inner-wrap row-bg-layer\" ><div class=\"row-bg viewport-desktop\"  style=\"\"><\/div><\/div><\/div><div class=\"row_col_wrap_12 col span_12 dark left\">\n\t<div  class=\"vc_col-sm-12 wpb_column column_container vc_column_container col no-extra-padding inherit_tablet inherit_phone\"  data-padding-pos=\"all\" data-has-bg-color=\"false\" data-bg-color=\"\" data-bg-opacity=\"1\" data-animation=\"\" data-delay=\"0\" >\n\t\t<div class=\"vc_column-inner\" >\n\t\t\t<div class=\"wpb_wrapper\">\n\t\t\t\t<div class=\"divider-wrap\" data-alignment=\"default\"><div style=\"height: 50px;\" class=\"divider\"><\/div><\/div>\n<div class=\"nectar-animated-title\" data-style=\"hinge-drop\" data-color=\"extra-color-1\">\n\t<div class=\"nectar-animated-title-outer\">\n\t\t<div class=\"nectar-animated-title-inner\">\n\t\t\t<div class=\"wrap\"><h5 style=\"color: #007ebd;\">NUESTRO EQUIPO<\/h5><\/div>\n\t\t<\/div>\n\t<\/div>\n<\/div><div class=\"divider-wrap\" data-alignment=\"default\"><div style=\"height: 30px;\" class=\"divider\"><\/div><\/div><div id=\"fws_69e452f715c81\" data-midnight=\"\" data-column-margin=\"default\" class=\"wpb_row vc_row-fluid vc_row inner_row\"  style=\"\"><div class=\"row-bg-wrap\"> <div class=\"row-bg\" ><\/div> <\/div><div class=\"row_col_wrap_12_inner col span_12  left\">\n\t<div  class=\"vc_col-sm-4 wpb_column column_container vc_column_container col child_column no-extra-padding inherit_tablet inherit_phone\"   data-padding-pos=\"all\" data-has-bg-color=\"false\" data-bg-color=\"\" data-bg-opacity=\"1\" data-animation=\"\" data-delay=\"0\" >\n\t\t<div class=\"vc_column-inner\" >\n\t\t<div class=\"wpb_wrapper\">\n\t\t\t<div class=\"team-member\" data-style=\"meta_below\"><img decoding=\"async\" alt=\"\" src=\"https:\/\/farmaciaviladecans.com\/wp-content\/uploads\/2025\/04\/2458057.jpg\" title=\"Montserrat Garrido\" \/><h4 class=\"light\">Montserrat Garrido<\/h4><div class=\"position\">Titular<\/div><p class=\"description\"><\/p><\/div><div class=\"team-member\" data-style=\"meta_below\"><img decoding=\"async\" alt=\"\" src=\"https:\/\/farmaciaviladecans.com\/wp-content\/uploads\/2025\/05\/33.jpg\" title=\"Alejandro Ledesma\" \/><h4 class=\"light\">Alejandro Ledesma<\/h4><div class=\"position\">T\u00e9cnico en Farmacia<\/div><p class=\"description\"><\/p><\/div>\n\t\t<\/div> \n\t<\/div>\n\t<\/div> \n\n\t<div  class=\"vc_col-sm-4 wpb_column column_container vc_column_container col child_column no-extra-padding inherit_tablet inherit_phone\"   data-padding-pos=\"all\" data-has-bg-color=\"false\" data-bg-color=\"\" data-bg-opacity=\"1\" data-animation=\"\" data-delay=\"0\" >\n\t\t<div class=\"vc_column-inner\" >\n\t\t<div class=\"wpb_wrapper\">\n\t\t\t<div class=\"team-member\" data-style=\"meta_below\"><img decoding=\"async\" alt=\"\" src=\"https:\/\/farmaciaviladecans.com\/wp-content\/uploads\/2025\/05\/22.jpg\" title=\"Marta D\u00edaz\" \/><h4 class=\"light\">Marta D\u00edaz<\/h4><div class=\"position\">Farmac\u00e9utica<\/div><p class=\"description\"><\/p><\/div><div class=\"team-member\" data-style=\"meta_below\"><img decoding=\"async\" alt=\"\" src=\"https:\/\/farmaciaviladecans.com\/wp-content\/uploads\/2025\/05\/55.jpg\" title=\"Helena Tejada\" \/><h4 class=\"light\">Helena Tejada<\/h4><div class=\"position\">T\u00e9cnico en Farmacia<\/div><p class=\"description\"><\/p><\/div>\n\t\t<\/div> \n\t<\/div>\n\t<\/div> \n\n\t<div  class=\"vc_col-sm-4 wpb_column column_container vc_column_container col child_column no-extra-padding inherit_tablet inherit_phone\"   data-padding-pos=\"all\" data-has-bg-color=\"false\" data-bg-color=\"\" data-bg-opacity=\"1\" data-animation=\"\" data-delay=\"0\" >\n\t\t<div class=\"vc_column-inner\" >\n\t\t<div class=\"wpb_wrapper\">\n\t\t\t<div class=\"team-member\" data-style=\"meta_below\"><img decoding=\"async\" alt=\"\" src=\"https:\/\/farmaciaviladecans.com\/wp-content\/uploads\/2025\/05\/44.jpg\" title=\"Belen Diaz\" \/><h4 class=\"light\">Belen Diaz<\/h4><div class=\"position\">Farmac\u00e9utica<\/div><p class=\"description\"><\/p><\/div>\n\t\t<\/div> \n\t<\/div>\n\t<\/div> \n<\/div><\/div>\n\t\t\t<\/div> \n\t\t<\/div>\n\t<\/div> \n<\/div><\/div>","protected":false},"excerpt":{"rendered":"Vols treballar amb nosaltres? Envian\u00b4s el teu curriculum a: info@farmaciamontsegarrido.com EL NOSTRE EQUIP Montserrat GarridoTitularAlejandro LedesmaT\u00e8cnic en Farm\u00e0cia Marta D\u00edazFarmac\u00e8uticaHelena TejadaT\u00e8cnic en Farm\u00e0cia Belen DiazFarmac\u00e8utica","protected":false},"author":1,"featured_media":0,"parent":0,"menu_order":0,"comment_status":"open","ping_status":"closed","template":"","meta":{"_joinchat":[],"footnotes":""},"class_list":["post-2677","page","type-page","status-publish"],"_links":{"self":[{"href":"https:\/\/farmaciaviladecans.com\/es\/wp-json\/wp\/v2\/pages\/2677","targetHints":{"allow":["GET"]}}],"collection":[{"href":"https:\/\/farmaciaviladecans.com\/es\/wp-json\/wp\/v2\/pages"}],"about":[{"href":"https:\/\/farmaciaviladecans.com\/es\/wp-json\/wp\/v2\/types\/page"}],"author":[{"embeddable":true,"href":"https:\/\/farmaciaviladecans.com\/es\/wp-json\/wp\/v2\/users\/1"}],"replies":[{"embeddable":true,"href":"https:\/\/farmaciaviladecans.com\/es\/wp-json\/wp\/v2\/comments?post=2677"}],"version-history":[{"count":17,"href":"https:\/\/farmaciaviladecans.com\/es\/wp-json\/wp\/v2\/pages\/2677\/revisions"}],"predecessor-version":[{"id":2756,"href":"https:\/\/farmaciaviladecans.com\/es\/wp-json\/wp\/v2\/pages\/2677\/revisions\/2756"}],"wp:attachment":[{"href":"https:\/\/farmaciaviladecans.com\/es\/wp-json\/wp\/v2\/media?parent=2677"}],"curies":[{"name":"wp","href":"https:\/\/api.w.org\/{rel}","templated":true}]}}