{"id":2665,"date":"2025-04-22T15:35:52","date_gmt":"2025-04-22T15:35:52","guid":{"rendered":"https:\/\/farmaciaviladecans.com\/la-farmacia\/"},"modified":"2025-05-06T17:14:27","modified_gmt":"2025-05-06T17:14:27","slug":"targeta-client","status":"publish","type":"page","link":"https:\/\/farmaciaviladecans.com\/es\/targeta-client\/","title":{"rendered":"TARJETA CLIENTE"},"content":{"rendered":"<div id=\"fws_69e48bfa0a594\"  data-column-margin=\"default\" data-midnight=\"dark\"  class=\"wpb_row vc_row-fluid vc_row\"  style=\"padding-top: 0px; padding-bottom: 0px; \"><div class=\"row-bg-wrap\" data-bg-animation=\"none\" data-bg-animation-delay=\"\" data-bg-overlay=\"false\"><div class=\"inner-wrap row-bg-layer\" ><div class=\"row-bg viewport-desktop\"  style=\"\"><\/div><\/div><\/div><div class=\"row_col_wrap_12 col span_12 dark left\">\n\t<div  class=\"vc_col-sm-12 wpb_column column_container vc_column_container col no-extra-padding inherit_tablet inherit_phone\"  data-padding-pos=\"all\" data-has-bg-color=\"false\" data-bg-color=\"\" data-bg-opacity=\"1\" data-animation=\"\" data-delay=\"0\" >\n\t\t<div class=\"vc_column-inner\" >\n\t\t\t<div class=\"wpb_wrapper\">\n\t\t\t\t\n\t\t\t<!-- START targeta REVOLUTION SLIDER 6.6.20 --><p class=\"rs-p-wp-fix\"><\/p>\n\t\t\t<rs-module-wrap id=\"rev_slider_4_1_wrapper\" data-source=\"gallery\" style=\"visibility:hidden;background:transparent;padding:0;margin:0px auto;margin-top:0;margin-bottom:0;\">\n\t\t\t\t<rs-module id=\"rev_slider_4_1\" style=\"\" data-version=\"6.6.20\">\n\t\t\t\t\t<rs-slides style=\"overflow: hidden; position: absolute;\">\n\t\t\t\t\t\t<rs-slide style=\"position: absolute;\" data-key=\"rs-18\" data-title=\"Slide\" data-duration=\"9000\" data-anim=\"ms:500ms;\" data-in=\"o:0;\" data-out=\"a:false;\">\n\t\t\t\t\t\t\t<img decoding=\"async\" src=\"\/\/farmaciaviladecans.com\/wp-content\/plugins\/revslider\/public\/assets\/assets\/dummy.png\" alt=\"Slide\" title=\"TARJETA CLIENTE\" class=\"rev-slidebg tp-rs-img rs-lazyload\" data-lazyload=\"\/\/farmaciaviladecans.com\/wp-content\/plugins\/revslider\/public\/assets\/assets\/transparent.png\" data-bg=\"c:#96d53d;\" data-parallax=\"off\" data-no-retina>\n<!--\t\t\t\t\t\t--><rs-zone id=\"rrzm_18\" class=\"rev_row_zone_middle\" style=\"z-index: 5;\"><!--\n\n\t\t\t\t\t\t\t\t--><rs-row\n\t\t\t\t\t\t\t\t\tid=\"slider-4-slide-18-layer-5\" \n\t\t\t\t\t\t\t\t\tdata-type=\"row\"\n\t\t\t\t\t\t\t\t\tdata-xy=\"xo:50px;yo:94px;\"\n\t\t\t\t\t\t\t\t\tdata-cbreak=\"3\"\n\t\t\t\t\t\t\t\t\tdata-rsp_bd=\"off\"\n\t\t\t\t\t\t\t\t\tdata-margin=\"r:30;b:0,0,0,200;l:30;\"\n\t\t\t\t\t\t\t\t\tdata-frame_999=\"st:w;sp:500;sR:8700;sA:9000;\"\n\t\t\t\t\t\t\t\t\tstyle=\"z-index:6;\"\n\t\t\t\t\t\t\t\t><!--\n\t\t\t\t\t\t\t\t\t--><rs-column\n\t\t\t\t\t\t\t\t\t\tid=\"slider-4-slide-18-layer-6\" \n\t\t\t\t\t\t\t\t\t\tdata-type=\"column\"\n\t\t\t\t\t\t\t\t\t\tdata-xy=\"xo:50px;yo:94px;\"\n\t\t\t\t\t\t\t\t\t\tdata-rsp_bd=\"off\"\n\t\t\t\t\t\t\t\t\t\tdata-column=\"w:50%;\"\n\t\t\t\t\t\t\t\t\t\tdata-frame_999=\"st:w;sp:500;sR:8700;sA:9000;\"\n\t\t\t\t\t\t\t\t\t\tstyle=\"z-index:7;width:100%;\"\n\t\t\t\t\t\t\t\t\t><!--\n\t\t\t\t\t\t\t\t\t\t--><rs-layer\n\t\t\t\t\t\t\t\t\t\t\tid=\"slider-4-slide-18-layer-1\" \n\t\t\t\t\t\t\t\t\t\t\tdata-type=\"image\"\n\t\t\t\t\t\t\t\t\t\t\tdata-rsp_ch=\"on\"\n\t\t\t\t\t\t\t\t\t\t\tdata-xy=\"xo:0,25px,0,0;yo:0,30px,0,0;\"\n\t\t\t\t\t\t\t\t\t\t\tdata-pos=\"r\"\n\t\t\t\t\t\t\t\t\t\t\tdata-text=\"w:normal;s:20,16,12,7;l:0,20,15,9;\"\n\t\t\t\t\t\t\t\t\t\t\tdata-dim=\"w:539px,445px,350px,406px;h:465px,384px,302px,351px;\"\n\t\t\t\t\t\t\t\t\t\t\tdata-frame_0=\"x:-16px,-13px,-9px,-5px;y:943px,778px,591px,364px;\"\n\t\t\t\t\t\t\t\t\t\t\tdata-frame_1=\"x:36px,29px,22px,13px;y:-40px,-33px,-25px,-15px;sp:3000;\"\n\t\t\t\t\t\t\t\t\t\t\tdata-frame_999=\"o:0;st:w;\"\n\t\t\t\t\t\t\t\t\t\t\tstyle=\"z-index:6;\"\n\t\t\t\t\t\t\t\t\t\t><img decoding=\"async\" src=\"\/\/farmaciaviladecans.com\/wp-content\/plugins\/revslider\/public\/assets\/assets\/dummy.png\" alt=\"\" class=\"tp-rs-img rs-lazyload\" width=\"1393\" height=\"1203\" data-lazyload=\"\/\/farmaciaviladecans.com\/wp-content\/uploads\/2025\/05\/targeta-vip11.png\" data-no-retina> \n\t\t\t\t\t\t\t\t\t\t<\/rs-layer><!--\n\t\t\t\t\t\t\t\t\t--><\/rs-column><!--\n\n\t\t\t\t\t\t\t\t\t--><rs-column\n\t\t\t\t\t\t\t\t\t\tid=\"slider-4-slide-18-layer-7\" \n\t\t\t\t\t\t\t\t\t\tdata-type=\"column\"\n\t\t\t\t\t\t\t\t\t\tdata-xy=\"xo:50px;yo:94px;\"\n\t\t\t\t\t\t\t\t\t\tdata-text=\"a:right,right,right,center;\"\n\t\t\t\t\t\t\t\t\t\tdata-rsp_bd=\"off\"\n\t\t\t\t\t\t\t\t\t\tdata-column=\"w:50%;\"\n\t\t\t\t\t\t\t\t\t\tdata-frame_999=\"st:w;sp:500;sR:8700;sA:9000;\"\n\t\t\t\t\t\t\t\t\t\tstyle=\"z-index:6;width:100%;\"\n\t\t\t\t\t\t\t\t\t><!--\n\t\t\t\t\t\t\t\t\t\t--><rs-layer\n\t\t\t\t\t\t\t\t\t\t\tid=\"slider-4-slide-18-layer-0\" \n\t\t\t\t\t\t\t\t\t\t\tdata-type=\"text\"\n\t\t\t\t\t\t\t\t\t\t\tdata-xy=\"xo:0,615px,0,0;yo:0,62px,0,0;\"\n\t\t\t\t\t\t\t\t\t\t\tdata-pos=\"r\"\n\t\t\t\t\t\t\t\t\t\t\tdata-text=\"w:normal;s:70,45,22,22;l:50,45,22,22;fw:500;a:left,left,left,center;\"\n\t\t\t\t\t\t\t\t\t\t\tdata-dim=\"w:515px,auto,286px,100%;h:auto,auto,115px,91px;\"\n\t\t\t\t\t\t\t\t\t\t\tdata-rsp_o=\"off\"\n\t\t\t\t\t\t\t\t\t\t\tdata-rsp_bd=\"off\"\n\t\t\t\t\t\t\t\t\t\t\tdata-disp=\"inline-block\"\n\t\t\t\t\t\t\t\t\t\t\tdata-ford=\"frame_0;frame_1;frame_2;frame_999;\"\n\t\t\t\t\t\t\t\t\t\t\tdata-frame_0=\"x:0,0px,0px,0px;y:60px,33px,14px,14px;\"\n\t\t\t\t\t\t\t\t\t\t\tdata-frame_1=\"x:0,0px,0px,0px;y:40px,23px,10px,10px;o:0.5;e:power2.in;st:1100;sp:750;sR:1100;\"\n\t\t\t\t\t\t\t\t\t\t\tdata-frame_999=\"st:w;sp:500;sR:5900;auto:true;\"\n\t\t\t\t\t\t\t\t\t\t\tdata-frame_2=\"y:0px;o:1;tp:600px;e:power2.out;st:1850;sp:1250;\"\n\t\t\t\t\t\t\t\t\t\t\tstyle=\"z-index:7;font-family:'Poppins';display:inline-block;\"\n\t\t\t\t\t\t\t\t\t\t>TARJETA DE<br\/><br \/>\nFIDELIZACI\u00d3N<br\/><br \/>\n \n\t\t\t\t\t\t\t\t\t\t<\/rs-layer><!--\n\n\t\t\t\t\t\t\t\t\t\t--><rs-layer\n\t\t\t\t\t\t\t\t\t\t\tid=\"slider-4-slide-18-layer-4\" \n\t\t\t\t\t\t\t\t\t\t\tdata-type=\"text\"\n\t\t\t\t\t\t\t\t\t\t\tdata-xy=\"xo:640px,0,437px,2px;yo:391px,0,215px,497px;\"\n\t\t\t\t\t\t\t\t\t\t\tdata-pos=\"r\"\n\t\t\t\t\t\t\t\t\t\t\tdata-text=\"w:normal;s:20,26,19,19;l:40,26,19,19;fw:500;a:left,left,left,center;\"\n\t\t\t\t\t\t\t\t\t\t\tdata-dim=\"w:508px,444px,290px,100%;\"\n\t\t\t\t\t\t\t\t\t\t\tdata-rsp_o=\"off\"\n\t\t\t\t\t\t\t\t\t\t\tdata-rsp_bd=\"off\"\n\t\t\t\t\t\t\t\t\t\t\tdata-disp=\"inline-block\"\n\t\t\t\t\t\t\t\t\t\t\tdata-ford=\"frame_0;frame_1;frame_2;frame_999;\"\n\t\t\t\t\t\t\t\t\t\t\tdata-frame_0=\"y:40px,19px,9px,9px;\"\n\t\t\t\t\t\t\t\t\t\t\tdata-frame_1=\"y:26px,13px,6px,6px;o:0.5;e:power2.in;st:1100;sp:750;sR:1100;\"\n\t\t\t\t\t\t\t\t\t\t\tdata-frame_999=\"st:w;sp:500;sR:5900;auto:true;\"\n\t\t\t\t\t\t\t\t\t\t\tdata-frame_2=\"y:0px;o:1;tp:600px;e:power2.out;st:1850;sp:1250;\"\n\t\t\t\t\t\t\t\t\t\t\tstyle=\"z-index:6;font-family:'Poppins';display:inline-block;\"\n\t\t\t\t\t\t\t\t\t\t>Descubre todas las ventajas<br\/><br \/>\nde hacerte cliente VIP en la farmacia<br\/><br \/>\n \n\t\t\t\t\t\t\t\t\t\t<\/rs-layer><!--\n\t\t\t\t\t\t\t\t\t--><\/rs-column><!--\n\t\t\t\t\t\t\t\t--><\/rs-row><!--\n\t\t\t\t\t\t\t--><\/rs-zone><!--\n-->\t\t\t\t\t\t<\/rs-slide>\n\t\t\t\t\t<\/rs-slides>\n\t\t\t\t<\/rs-module>\n\t\t\t\t<script>\n\t\t\t\t\tsetREVStartSize({c: 'rev_slider_4_1',rl:[1240,1024,778,480],el:[600,700,600,718],gw:[1240,1024,778,480],gh:[600,700,600,650],type:'standard',justify:'',layout:'fullwidth',mh:\"0\"});if (window.RS_MODULES!==undefined && window.RS_MODULES.modules!==undefined && window.RS_MODULES.modules[\"revslider41\"]!==undefined) {window.RS_MODULES.modules[\"revslider41\"].once = false;window.revapi4 = undefined;if (window.RS_MODULES.checkMinimal!==undefined) window.RS_MODULES.checkMinimal()}\n\t\t\t\t<\/script>\n\t\t\t<\/rs-module-wrap>\n\t\t\t<!-- END REVOLUTION SLIDER -->\n\n\t\t\t<\/div> \n\t\t<\/div>\n\t<\/div> \n<\/div><\/div>\n\t\t<div id=\"fws_69e48bfa137d5\"  data-column-margin=\"default\" data-midnight=\"dark\"  class=\"wpb_row vc_row-fluid vc_row\"  style=\"padding-top: 0px; padding-bottom: 0px; \"><div class=\"row-bg-wrap\" data-bg-animation=\"none\" data-bg-animation-delay=\"\" data-bg-overlay=\"false\"><div class=\"inner-wrap row-bg-layer\" ><div class=\"row-bg viewport-desktop\"  style=\"\"><\/div><\/div><\/div><div class=\"row_col_wrap_12 col span_12 dark left\">\n\t<div  class=\"vc_col-sm-12 wpb_column column_container vc_column_container col no-extra-padding inherit_tablet inherit_phone\"  data-padding-pos=\"all\" data-has-bg-color=\"false\" data-bg-color=\"\" data-bg-opacity=\"1\" data-animation=\"\" data-delay=\"0\" >\n\t\t<div class=\"vc_column-inner\" >\n\t\t\t<div class=\"wpb_wrapper\">\n\t\t\t\t<div class=\"divider-wrap\" data-alignment=\"default\"><div style=\"height: 50px;\" class=\"divider\"><\/div><\/div>\n<div class=\"nectar-animated-title\" data-style=\"hinge-drop\" data-color=\"extra-color-1\">\n\t<div class=\"nectar-animated-title-outer\">\n\t\t<div class=\"nectar-animated-title-inner\">\n\t\t\t<div class=\"wrap\"><h5 style=\"color: #007ebd;\">TARJETA CLIENTE<\/h5><\/div>\n\t\t<\/div>\n\t<\/div>\n<\/div><div class=\"divider-wrap\" data-alignment=\"default\"><div style=\"height: 30px;\" class=\"divider\"><\/div><\/div><div class=\"nectar-highlighted-text\" data-style=\"full_text\" data-exp=\"default\" data-using-custom-color=\"true\" data-animation-delay=\"false\" data-color=\"#2ac4ea\" data-color-gradient=\"\" style=\"\"><p>Farmacia Montserrat Garrido quiere estar m\u00e1s cerca de ti y premiar cada d\u00eda tu fidelidad y compromiso con nosotros.<\/p>\n<p>Ac\u00e9rcate a la farmacia y solicita nuestra tarjeta cliente, podr\u00e1s acumular puntos para cambiar por productos gratuitos.<\/p>\n<p>&nbsp;<\/p>\n<p style=\"text-align: left\">Contamos con una tarjeta de Fidelizaci\u00f3n para todos nuestros clientes donde acumulas descuentos y ventajas de forma gratuita <strong>una\u00a0targeta\u00a0de\u00a0Fidelitzaci\u00f3<\/strong>\u00a0\u00a0per a tots els nostres clients on acumules descomptes i avantatges de manera gratu\u00efta<\/p>\n<p style=\"text-align: left\">Por cada compra que hagas acumular\u00e1s \u20ac que se traducir\u00e1n en descuentos en productos de Parafarmacia (excluidos medicamentos, homeopat\u00eda )<\/p>\n<p>&nbsp;<\/p>\n<p style=\"text-align: left\"><strong>\u00bfC\u00f3mo conseguirla?<\/strong><\/p>\n<p style=\"text-align: left\">Esta tarjeta se puede conseguir en nuestro establecimiento de forma f\u00e1cil, s\u00f3lo tendr\u00e1s que rellenar un formulario y nuestro equipo te dar\u00e1 de alta de inmediato en nuestro sistema inform\u00e1tico obteniendo los beneficios al momento.<\/p>\n<p>&nbsp;<\/p>\n<p style=\"text-align: left\"><strong>Embarazadas y Beb\u00e9 BOX-BEBE<\/strong><\/p>\n<p style=\"text-align: left\">Te queremos dar todos los consejos y asesoramiento durante esta etapa tan importante de su vida<\/p>\n<p style=\"text-align: left\">y si acaba de ser padres L'Enhorabuena!!!! Ven a buscar nuestra BOX-Beb\u00e9<\/p>\n<p style=\"text-align: left\">S\u00f3lo tienes que tener o solicitar nuestra Tarjeta de fidelizaci\u00f3n. <strong>la nostra Targeta de fidelitzaci\u00f3.<\/strong><\/p>\n<\/div>\n\t\t\t<\/div> \n\t\t<\/div>\n\t<\/div> \n<\/div><\/div>","protected":false},"excerpt":{"rendered":"TARGETA DE FIDELITZACI\u00d3 Descobreix tots els avantatges de fer-te client VIP a la farm\u00e0cia TARGETA CLIENT Farm\u00e0cia Montserrat Garrido vol estar m\u00e9s a prop teu i premiar cada dia la...","protected":false},"author":1,"featured_media":0,"parent":0,"menu_order":0,"comment_status":"open","ping_status":"closed","template":"","meta":{"_joinchat":[],"footnotes":""},"class_list":["post-2665","page","type-page","status-publish"],"_links":{"self":[{"href":"https:\/\/farmaciaviladecans.com\/es\/wp-json\/wp\/v2\/pages\/2665","targetHints":{"allow":["GET"]}}],"collection":[{"href":"https:\/\/farmaciaviladecans.com\/es\/wp-json\/wp\/v2\/pages"}],"about":[{"href":"https:\/\/farmaciaviladecans.com\/es\/wp-json\/wp\/v2\/types\/page"}],"author":[{"embeddable":true,"href":"https:\/\/farmaciaviladecans.com\/es\/wp-json\/wp\/v2\/users\/1"}],"replies":[{"embeddable":true,"href":"https:\/\/farmaciaviladecans.com\/es\/wp-json\/wp\/v2\/comments?post=2665"}],"version-history":[{"count":13,"href":"https:\/\/farmaciaviladecans.com\/es\/wp-json\/wp\/v2\/pages\/2665\/revisions"}],"predecessor-version":[{"id":2732,"href":"https:\/\/farmaciaviladecans.com\/es\/wp-json\/wp\/v2\/pages\/2665\/revisions\/2732"}],"wp:attachment":[{"href":"https:\/\/farmaciaviladecans.com\/es\/wp-json\/wp\/v2\/media?parent=2665"}],"curies":[{"name":"wp","href":"https:\/\/api.w.org\/{rel}","templated":true}]}}